{"id":73,"date":"2025-11-13T12:42:42","date_gmt":"2025-11-13T12:42:42","guid":{"rendered":"https:\/\/praderajewels.com\/?page_id=73"},"modified":"2026-01-04T21:30:45","modified_gmt":"2026-01-04T21:30:45","slug":"coastal-living","status":"publish","type":"page","link":"https:\/\/praderajewels.com\/en\/coastal-living\/","title":{"rendered":"COASTAL LIVING"},"content":{"rendered":"<div data-elementor-type=\"wp-page\" data-elementor-id=\"73\" class=\"elementor elementor-73\" data-elementor-post-type=\"page\">\n\t\t\t\t<div class=\"elementor-element elementor-element-13c68b8 e-flex e-con-boxed e-con e-parent\" data-id=\"13c68b8\" data-element_type=\"container\" data-e-type=\"container\" data-settings=\"{&quot;background_background&quot;:&quot;classic&quot;}\">\n\t\t\t\t\t<div class=\"e-con-inner\">\n\t\t<div class=\"elementor-element elementor-element-3086052 e-con-full e-flex e-con e-child\" data-id=\"3086052\" data-element_type=\"container\" data-e-type=\"container\">\n\t\t<div class=\"elementor-element elementor-element-0881d85 e-con-full e-flex e-con e-child\" data-id=\"0881d85\" data-element_type=\"container\" data-e-type=\"container\">\n\t\t\t\t<\/div>\n\t\t<div class=\"elementor-element elementor-element-ffb7baf e-con-full e-flex e-con e-child\" data-id=\"ffb7baf\" data-element_type=\"container\" data-e-type=\"container\">\n\t\t\t\t<div class=\"elementor-element elementor-element-c061598 animated-slow elementor-invisible elementor-widget elementor-widget-heading\" data-id=\"c061598\" data-element_type=\"widget\" data-e-type=\"widget\" data-settings=\"{&quot;_animation&quot;:&quot;fadeIn&quot;}\" data-widget_type=\"heading.default\">\n\t\t\t\t\t<h1 class=\"elementor-heading-title elementor-size-default\">COASTAL LIVING<\/h1>\t\t\t\t<\/div>\n\t\t\t\t<div class=\"elementor-element elementor-element-e82fa7e animated-slow elementor-invisible elementor-widget elementor-widget-text-editor\" data-id=\"e82fa7e\" data-element_type=\"widget\" data-e-type=\"widget\" data-settings=\"{&quot;_animation&quot;:&quot;fadeIn&quot;}\" data-widget_type=\"text-editor.default\">\n\t\t\t\t\t\t\t\t\t<h4>Far beyond a mere destination, it is the reward of one's efforts materialized as peace, well-being and boundless enjoyment.<\/h4>\t\t\t\t\t\t\t\t<\/div>\n\t\t\t\t<\/div>\n\t\t\t\t<\/div>\n\t\t\t\t\t<\/div>\n\t\t\t\t<\/div>\n\t\t<div class=\"elementor-element elementor-element-16a0b5d e-con-full elementor-hidden-mobile e-flex e-con e-parent\" data-id=\"16a0b5d\" data-element_type=\"container\" data-e-type=\"container\">\n\t\t<div class=\"elementor-element elementor-element-62bde5c e-con-full e-flex e-con e-child\" data-id=\"62bde5c\" data-element_type=\"container\" data-e-type=\"container\">\n\t\t<div class=\"elementor-element elementor-element-4ec6671 e-con-full e-flex e-con e-child\" data-id=\"4ec6671\" data-element_type=\"container\" data-e-type=\"container\" data-settings=\"{&quot;background_background&quot;:&quot;classic&quot;}\">\n\t\t<div class=\"elementor-element elementor-element-a2e51c8 e-con-full animated-slow e-flex elementor-invisible e-con e-child\" data-id=\"a2e51c8\" data-element_type=\"container\" data-e-type=\"container\" data-settings=\"{&quot;animation&quot;:&quot;fadeInLeft&quot;}\">\n\t\t\t\t<div class=\"elementor-element elementor-element-1361494 elementor-widget elementor-widget-heading\" data-id=\"1361494\" data-element_type=\"widget\" data-e-type=\"widget\" data-widget_type=\"heading.default\">\n\t\t\t\t\t<h2 class=\"elementor-heading-title elementor-size-default\">FRIENDSHIP<\/h2>\t\t\t\t<\/div>\n\t\t\t\t<div class=\"elementor-element elementor-element-626dc6a elementor-invisible elementor-widget elementor-widget-text-editor\" data-id=\"626dc6a\" data-element_type=\"widget\" data-e-type=\"widget\" data-settings=\"{&quot;_animation&quot;:&quot;fadeIn&quot;}\" data-widget_type=\"text-editor.default\">\n\t\t\t\t\t\t\t\t\t<p>If there is any investment greater than jewels, it is that of friendship. It is our most precious asset. Sharing emotions and moments with those we trust enriches the soul and extends the journey of life.<\/p>\t\t\t\t\t\t\t\t<\/div>\n\t\t\t\t<\/div>\n\t\t\t\t<\/div>\n\t\t\t\t<div class=\"elementor-element elementor-element-5b6df26 elementor-widget elementor-widget-image\" data-id=\"5b6df26\" data-element_type=\"widget\" data-e-type=\"widget\" data-widget_type=\"image.default\">\n\t\t\t\t\t\t\t\t\t\t\t\t\t\t\t<img fetchpriority=\"high\" decoding=\"async\" width=\"635\" height=\"889\" src=\"https:\/\/praderajewels.com\/wp-content\/uploads\/2025\/11\/IRAMA-SALON-NAUTICO.png\" class=\"attachment-large size-large wp-image-77\" alt=\"\" srcset=\"https:\/\/praderajewels.com\/wp-content\/uploads\/2025\/11\/IRAMA-SALON-NAUTICO.png 635w, https:\/\/praderajewels.com\/wp-content\/uploads\/2025\/11\/IRAMA-SALON-NAUTICO-214x300.png 214w\" sizes=\"(max-width: 635px) 100vw, 635px\" \/>\t\t\t\t\t\t\t\t\t\t\t\t\t\t\t<\/div>\n\t\t<div class=\"elementor-element elementor-element-dade7be e-con-full e-flex e-con e-child\" data-id=\"dade7be\" data-element_type=\"container\" data-e-type=\"container\" data-settings=\"{&quot;background_background&quot;:&quot;classic&quot;}\">\n\t\t<div class=\"elementor-element elementor-element-8f78f6f e-con-full animated-slow e-flex elementor-invisible e-con e-child\" data-id=\"8f78f6f\" data-element_type=\"container\" data-e-type=\"container\" data-settings=\"{&quot;animation&quot;:&quot;fadeInLeft&quot;}\">\n\t\t\t\t<div class=\"elementor-element elementor-element-5dc0081 elementor-widget elementor-widget-heading\" data-id=\"5dc0081\" data-element_type=\"widget\" data-e-type=\"widget\" data-widget_type=\"heading.default\">\n\t\t\t\t\t<h1 class=\"elementor-heading-title elementor-size-default\">WELL-BEING<\/h1>\t\t\t\t<\/div>\n\t\t\t\t<div class=\"elementor-element elementor-element-f19e4a4 elementor-invisible elementor-widget elementor-widget-text-editor\" data-id=\"f19e4a4\" data-element_type=\"widget\" data-e-type=\"widget\" data-settings=\"{&quot;_animation&quot;:&quot;fadeIn&quot;}\" data-widget_type=\"text-editor.default\">\n\t\t\t\t\t\t\t\t\t<p>My mantra is \"Mens sana in corpore sano\". Staying active is the master investment: it guarantees the mental and physical fortitude to thrive in our daily lives.<\/p>\t\t\t\t\t\t\t\t<\/div>\n\t\t\t\t<\/div>\n\t\t\t\t<\/div>\n\t\t\t\t<div class=\"elementor-element elementor-element-0f32d1e elementor-widget elementor-widget-image\" data-id=\"0f32d1e\" data-element_type=\"widget\" data-e-type=\"widget\" data-widget_type=\"image.default\">\n\t\t\t\t\t\t\t\t\t\t\t\t\t\t\t<img decoding=\"async\" width=\"651\" height=\"886\" src=\"https:\/\/praderajewels.com\/wp-content\/uploads\/2025\/11\/IRAMA-DEPORTE-1.png\" class=\"attachment-large size-large wp-image-79\" alt=\"\" srcset=\"https:\/\/praderajewels.com\/wp-content\/uploads\/2025\/11\/IRAMA-DEPORTE-1.png 651w, https:\/\/praderajewels.com\/wp-content\/uploads\/2025\/11\/IRAMA-DEPORTE-1-220x300.png 220w\" sizes=\"(max-width: 651px) 100vw, 651px\" \/>\t\t\t\t\t\t\t\t\t\t\t\t\t\t\t<\/div>\n\t\t\t\t<div class=\"elementor-element elementor-element-133bc78 elementor-widget elementor-widget-image\" data-id=\"133bc78\" data-element_type=\"widget\" data-e-type=\"widget\" data-widget_type=\"image.default\">\n\t\t\t\t\t\t\t\t\t\t\t\t\t\t\t<img decoding=\"async\" width=\"585\" height=\"1024\" src=\"https:\/\/praderajewels.com\/wp-content\/uploads\/2025\/11\/irama-terraza-con-mimosa-y-gafas-1-585x1024.png\" class=\"attachment-large size-large wp-image-80\" alt=\"\" srcset=\"https:\/\/praderajewels.com\/wp-content\/uploads\/2025\/11\/irama-terraza-con-mimosa-y-gafas-1-585x1024.png 585w, https:\/\/praderajewels.com\/wp-content\/uploads\/2025\/11\/irama-terraza-con-mimosa-y-gafas-1-171x300.png 171w, https:\/\/praderajewels.com\/wp-content\/uploads\/2025\/11\/irama-terraza-con-mimosa-y-gafas-1.png 768w\" sizes=\"(max-width: 585px) 100vw, 585px\" \/>\t\t\t\t\t\t\t\t\t\t\t\t\t\t\t<\/div>\n\t\t\t\t<\/div>\n\t\t<div class=\"elementor-element elementor-element-64edf42 e-con-full e-flex e-con e-child\" data-id=\"64edf42\" data-element_type=\"container\" data-e-type=\"container\">\n\t\t\t\t<div class=\"elementor-element elementor-element-7e111cf elementor-widget elementor-widget-image\" data-id=\"7e111cf\" data-element_type=\"widget\" data-e-type=\"widget\" data-widget_type=\"image.default\">\n\t\t\t\t\t\t\t\t\t\t\t\t\t\t\t<img loading=\"lazy\" decoding=\"async\" width=\"767\" height=\"1024\" src=\"https:\/\/praderajewels.com\/wp-content\/uploads\/2025\/11\/irama-amigas-1-767x1024.jpeg\" class=\"attachment-large size-large wp-image-81\" alt=\"\" srcset=\"https:\/\/praderajewels.com\/wp-content\/uploads\/2025\/11\/irama-amigas-1-767x1024.jpeg 767w, https:\/\/praderajewels.com\/wp-content\/uploads\/2025\/11\/irama-amigas-1-225x300.jpeg 225w, https:\/\/praderajewels.com\/wp-content\/uploads\/2025\/11\/irama-amigas-1-768x1025.jpeg 768w, https:\/\/praderajewels.com\/wp-content\/uploads\/2025\/11\/irama-amigas-1-1151x1536.jpeg 1151w, https:\/\/praderajewels.com\/wp-content\/uploads\/2025\/11\/irama-amigas-1.jpeg 1199w\" sizes=\"(max-width: 767px) 100vw, 767px\" \/>\t\t\t\t\t\t\t\t\t\t\t\t\t\t\t<\/div>\n\t\t<div class=\"elementor-element elementor-element-675ba61 e-con-full e-flex e-con e-child\" data-id=\"675ba61\" data-element_type=\"container\" data-e-type=\"container\" data-settings=\"{&quot;background_background&quot;:&quot;classic&quot;}\">\n\t\t<div class=\"elementor-element elementor-element-481101f e-con-full animated-slow e-flex elementor-invisible e-con e-child\" data-id=\"481101f\" data-element_type=\"container\" data-e-type=\"container\" data-settings=\"{&quot;animation&quot;:&quot;fadeInRight&quot;}\">\n\t\t\t\t<div class=\"elementor-element elementor-element-413426d elementor-widget elementor-widget-heading\" data-id=\"413426d\" data-element_type=\"widget\" data-e-type=\"widget\" data-widget_type=\"heading.default\">\n\t\t\t\t\t<h2 class=\"elementor-heading-title elementor-size-default\">TRAVEL<\/h2>\t\t\t\t<\/div>\n\t\t\t\t<div class=\"elementor-element elementor-element-5ae946a elementor-invisible elementor-widget elementor-widget-text-editor\" data-id=\"5ae946a\" data-element_type=\"widget\" data-e-type=\"widget\" data-settings=\"{&quot;_animation&quot;:&quot;fadeIn&quot;}\" data-widget_type=\"text-editor.default\">\n\t\t\t\t\t\t\t\t\t<p>It is about joy, but also about discovering places and people, artworks and experiences -a profound inspiration for life-.<\/p>\t\t\t\t\t\t\t\t<\/div>\n\t\t\t\t<\/div>\n\t\t\t\t<\/div>\n\t\t\t\t<div class=\"elementor-element elementor-element-1f1cb57 elementor-widget elementor-widget-image\" data-id=\"1f1cb57\" data-element_type=\"widget\" data-e-type=\"widget\" data-widget_type=\"image.default\">\n\t\t\t\t\t\t\t\t\t\t\t\t\t\t\t<img loading=\"lazy\" decoding=\"async\" width=\"717\" height=\"1024\" src=\"https:\/\/praderajewels.com\/wp-content\/uploads\/2025\/11\/irama-vestido-1-e1766349937617-717x1024.jpeg\" class=\"attachment-large size-large wp-image-82\" alt=\"\" srcset=\"https:\/\/praderajewels.com\/wp-content\/uploads\/2025\/11\/irama-vestido-1-e1766349937617-717x1024.jpeg 717w, https:\/\/praderajewels.com\/wp-content\/uploads\/2025\/11\/irama-vestido-1-e1766349937617-210x300.jpeg 210w, https:\/\/praderajewels.com\/wp-content\/uploads\/2025\/11\/irama-vestido-1-e1766349937617-768x1097.jpeg 768w, https:\/\/praderajewels.com\/wp-content\/uploads\/2025\/11\/irama-vestido-1-e1766349937617.jpeg 900w\" sizes=\"(max-width: 717px) 100vw, 717px\" \/>\t\t\t\t\t\t\t\t\t\t\t\t\t\t\t<\/div>\n\t\t\t\t<div class=\"elementor-element elementor-element-76a998e elementor-widget elementor-widget-image\" data-id=\"76a998e\" data-element_type=\"widget\" data-e-type=\"widget\" data-widget_type=\"image.default\">\n\t\t\t\t\t\t\t\t\t\t\t\t\t\t\t<img loading=\"lazy\" decoding=\"async\" width=\"585\" height=\"1024\" src=\"https:\/\/praderajewels.com\/wp-content\/uploads\/2025\/11\/costal-living-irama-en-milan-1-585x1024.jpeg\" class=\"attachment-large size-large wp-image-84\" alt=\"\" srcset=\"https:\/\/praderajewels.com\/wp-content\/uploads\/2025\/11\/costal-living-irama-en-milan-1-585x1024.jpeg 585w, https:\/\/praderajewels.com\/wp-content\/uploads\/2025\/11\/costal-living-irama-en-milan-1-171x300.jpeg 171w, https:\/\/praderajewels.com\/wp-content\/uploads\/2025\/11\/costal-living-irama-en-milan-1.jpeg 768w\" sizes=\"(max-width: 585px) 100vw, 585px\" \/>\t\t\t\t\t\t\t\t\t\t\t\t\t\t\t<\/div>\n\t\t<div class=\"elementor-element elementor-element-22d0436 e-con-full e-flex e-con e-child\" data-id=\"22d0436\" data-element_type=\"container\" data-e-type=\"container\" data-settings=\"{&quot;background_background&quot;:&quot;classic&quot;}\">\n\t\t<div class=\"elementor-element elementor-element-91829bc e-con-full animated-slow e-flex elementor-invisible e-con e-child\" data-id=\"91829bc\" data-element_type=\"container\" data-e-type=\"container\" data-settings=\"{&quot;animation&quot;:&quot;fadeInRight&quot;}\">\n\t\t\t\t<div class=\"elementor-element elementor-element-dd568ad elementor-widget elementor-widget-heading\" data-id=\"dd568ad\" data-element_type=\"widget\" data-e-type=\"widget\" data-widget_type=\"heading.default\">\n\t\t\t\t\t<h1 class=\"elementor-heading-title elementor-size-default\">EMOTION<\/h1>\t\t\t\t<\/div>\n\t\t\t\t<div class=\"elementor-element elementor-element-746aa87 elementor-invisible elementor-widget elementor-widget-text-editor\" data-id=\"746aa87\" data-element_type=\"widget\" data-e-type=\"widget\" data-settings=\"{&quot;_animation&quot;:&quot;fadeIn&quot;}\" data-widget_type=\"text-editor.default\">\n\t\t\t\t\t\t\t\t\t<p>\u201cI am moved by people who are moved, especially by beauty, art, the sea, noble causes, friendship\u2026 Life\u201d<\/p>\t\t\t\t\t\t\t\t<\/div>\n\t\t\t\t<\/div>\n\t\t\t\t<\/div>\n\t\t\t\t<\/div>\n\t\t\t\t<\/div>\n\t\t<div class=\"elementor-element elementor-element-e670f6c elementor-hidden-desktop elementor-hidden-tablet e-flex e-con-boxed e-con e-parent\" data-id=\"e670f6c\" data-element_type=\"container\" data-e-type=\"container\">\n\t\t\t\t\t<div class=\"e-con-inner\">\n\t\t<div class=\"elementor-element elementor-element-98f1e88 e-con-full e-flex e-con e-child\" data-id=\"98f1e88\" data-element_type=\"container\" data-e-type=\"container\" data-settings=\"{&quot;background_background&quot;:&quot;classic&quot;}\">\n\t\t\t\t<\/div>\n\t\t\t\t\t<\/div>\n\t\t\t\t<\/div>\n\t\t<div class=\"elementor-element elementor-element-cdd658a e-con-full elementor-hidden-desktop elementor-hidden-tablet e-flex e-con e-parent\" data-id=\"cdd658a\" data-element_type=\"container\" data-e-type=\"container\">\n\t\t<div class=\"elementor-element elementor-element-914e44b e-con-full e-flex e-con e-child\" data-id=\"914e44b\" data-element_type=\"container\" data-e-type=\"container\" data-settings=\"{&quot;background_background&quot;:&quot;classic&quot;}\">\n\t\t<div class=\"elementor-element elementor-element-07fce2b e-con-full e-flex e-con e-child\" data-id=\"07fce2b\" data-element_type=\"container\" data-e-type=\"container\" data-settings=\"{&quot;animation_mobile&quot;:&quot;fadeIn&quot;}\">\n\t\t\t\t<div class=\"elementor-element elementor-element-858bfc2 elementor-widget elementor-widget-heading\" data-id=\"858bfc2\" data-element_type=\"widget\" data-e-type=\"widget\" data-widget_type=\"heading.default\">\n\t\t\t\t\t<h2 class=\"elementor-heading-title elementor-size-default\">TRAVEL<\/h2>\t\t\t\t<\/div>\n\t\t\t\t<div class=\"elementor-element elementor-element-126fc32 elementor-widget elementor-widget-text-editor\" data-id=\"126fc32\" data-element_type=\"widget\" data-e-type=\"widget\" data-widget_type=\"text-editor.default\">\n\t\t\t\t\t\t\t\t\t<p>It is about joy, but also about discovering places and people, artworks and experiences -a profound inspiration for life-.<\/p>\t\t\t\t\t\t\t\t<\/div>\n\t\t\t\t<\/div>\n\t\t\t\t<\/div>\n\t\t\t\t<\/div>\n\t\t<div class=\"elementor-element elementor-element-34e7101 elementor-hidden-desktop elementor-hidden-tablet e-flex e-con-boxed e-con e-parent\" data-id=\"34e7101\" data-element_type=\"container\" data-e-type=\"container\" data-settings=\"{&quot;background_background&quot;:&quot;classic&quot;}\">\n\t\t\t\t\t<div class=\"e-con-inner\">\n\t\t<div class=\"elementor-element elementor-element-c12c8db e-con-full e-flex e-con e-child\" data-id=\"c12c8db\" data-element_type=\"container\" data-e-type=\"container\" data-settings=\"{&quot;background_background&quot;:&quot;classic&quot;}\">\n\t\t\t\t<\/div>\n\t\t\t\t\t<\/div>\n\t\t\t\t<\/div>\n\t\t<div class=\"elementor-element elementor-element-2f7429e e-con-full elementor-hidden-desktop elementor-hidden-tablet e-flex e-con e-parent\" data-id=\"2f7429e\" data-element_type=\"container\" data-e-type=\"container\">\n\t\t<div class=\"elementor-element elementor-element-ac7cb53 e-con-full e-flex e-con e-child\" data-id=\"ac7cb53\" data-element_type=\"container\" data-e-type=\"container\" data-settings=\"{&quot;background_background&quot;:&quot;classic&quot;}\">\n\t\t<div class=\"elementor-element elementor-element-02ef590 e-con-full e-flex e-con e-child\" data-id=\"02ef590\" data-element_type=\"container\" data-e-type=\"container\" data-settings=\"{&quot;animation_mobile&quot;:&quot;fadeIn&quot;}\">\n\t\t\t\t<div class=\"elementor-element elementor-element-7488fbb elementor-widget elementor-widget-heading\" data-id=\"7488fbb\" data-element_type=\"widget\" data-e-type=\"widget\" data-widget_type=\"heading.default\">\n\t\t\t\t\t<h2 class=\"elementor-heading-title elementor-size-default\">WELL-BEING<\/h2>\t\t\t\t<\/div>\n\t\t\t\t<div class=\"elementor-element elementor-element-7bd4641 elementor-widget elementor-widget-text-editor\" data-id=\"7bd4641\" data-element_type=\"widget\" data-e-type=\"widget\" data-widget_type=\"text-editor.default\">\n\t\t\t\t\t\t\t\t\t<p>Mi mantra es \u00abMens sana in corpore sano\u00bb. Estar activa es la inversi\u00f3n maestra: garantiza la fortaleza mental y f\u00edsica para afrontar el d\u00eda a d\u00eda<\/p>\t\t\t\t\t\t\t\t<\/div>\n\t\t\t\t<\/div>\n\t\t\t\t<\/div>\n\t\t\t\t<\/div>\n\t\t<div class=\"elementor-element elementor-element-bf375db elementor-hidden-desktop elementor-hidden-tablet e-flex e-con-boxed e-con e-parent\" data-id=\"bf375db\" data-element_type=\"container\" data-e-type=\"container\" data-settings=\"{&quot;background_background&quot;:&quot;classic&quot;}\">\n\t\t\t\t\t<div class=\"e-con-inner\">\n\t\t<div class=\"elementor-element elementor-element-25e9850 e-con-full e-flex e-con e-child\" data-id=\"25e9850\" data-element_type=\"container\" data-e-type=\"container\" data-settings=\"{&quot;background_background&quot;:&quot;classic&quot;}\">\n\t\t\t\t<\/div>\n\t\t\t\t\t<\/div>\n\t\t\t\t<\/div>\n\t\t<div class=\"elementor-element elementor-element-5c24624 e-con-full elementor-hidden-desktop elementor-hidden-tablet e-flex e-con e-parent\" data-id=\"5c24624\" data-element_type=\"container\" data-e-type=\"container\">\n\t\t<div class=\"elementor-element elementor-element-cff5378 e-con-full e-flex e-con e-child\" data-id=\"cff5378\" data-element_type=\"container\" data-e-type=\"container\" data-settings=\"{&quot;background_background&quot;:&quot;classic&quot;}\">\n\t\t<div class=\"elementor-element elementor-element-2ead637 e-con-full e-flex e-con e-child\" data-id=\"2ead637\" data-element_type=\"container\" data-e-type=\"container\" data-settings=\"{&quot;animation_mobile&quot;:&quot;fadeIn&quot;}\">\n\t\t\t\t<div class=\"elementor-element elementor-element-ff9f7c3 elementor-widget elementor-widget-heading\" data-id=\"ff9f7c3\" data-element_type=\"widget\" data-e-type=\"widget\" data-widget_type=\"heading.default\">\n\t\t\t\t\t<h2 class=\"elementor-heading-title elementor-size-default\">EMOTION<\/h2>\t\t\t\t<\/div>\n\t\t\t\t<div class=\"elementor-element elementor-element-55cfc70 elementor-widget elementor-widget-text-editor\" data-id=\"55cfc70\" data-element_type=\"widget\" data-e-type=\"widget\" data-widget_type=\"text-editor.default\">\n\t\t\t\t\t\t\t\t\t<p>\u00abMe emocionan las personas que se emocionan, sobre todo si lo hacen con la belleza, el arte, el mar, las buenas causas, la amistad\u2026La vida\u00bb<\/p>\t\t\t\t\t\t\t\t<\/div>\n\t\t\t\t<\/div>\n\t\t\t\t<\/div>\n\t\t\t\t<\/div>\n\t\t<div class=\"elementor-element elementor-element-7d06fb3 elementor-hidden-desktop elementor-hidden-tablet e-flex e-con-boxed e-con e-parent\" data-id=\"7d06fb3\" data-element_type=\"container\" data-e-type=\"container\" data-settings=\"{&quot;background_background&quot;:&quot;classic&quot;}\">\n\t\t\t\t\t<div class=\"e-con-inner\">\n\t\t<div class=\"elementor-element elementor-element-ebbc124 e-con-full e-flex e-con e-child\" data-id=\"ebbc124\" data-element_type=\"container\" data-e-type=\"container\" data-settings=\"{&quot;background_background&quot;:&quot;classic&quot;}\">\n\t\t\t\t<\/div>\n\t\t\t\t\t<\/div>\n\t\t\t\t<\/div>\n\t\t\t\t<\/div>","protected":false},"excerpt":{"rendered":"<p>Far beyond a mere destination, it is the reward of one's efforts materialized as peace, well-being and boundless enjoyment.<\/p>","protected":false},"author":1,"featured_media":75,"parent":0,"menu_order":0,"comment_status":"closed","ping_status":"closed","template":"","meta":{"footnotes":""},"class_list":["post-73","page","type-page","status-publish","has-post-thumbnail","hentry"],"_links":{"self":[{"href":"https:\/\/praderajewels.com\/en\/wp-json\/wp\/v2\/pages\/73","targetHints":{"allow":["GET"]}}],"collection":[{"href":"https:\/\/praderajewels.com\/en\/wp-json\/wp\/v2\/pages"}],"about":[{"href":"https:\/\/praderajewels.com\/en\/wp-json\/wp\/v2\/types\/page"}],"author":[{"embeddable":true,"href":"https:\/\/praderajewels.com\/en\/wp-json\/wp\/v2\/users\/1"}],"replies":[{"embeddable":true,"href":"https:\/\/praderajewels.com\/en\/wp-json\/wp\/v2\/comments?post=73"}],"version-history":[{"count":298,"href":"https:\/\/praderajewels.com\/en\/wp-json\/wp\/v2\/pages\/73\/revisions"}],"predecessor-version":[{"id":2802,"href":"https:\/\/praderajewels.com\/en\/wp-json\/wp\/v2\/pages\/73\/revisions\/2802"}],"wp:featuredmedia":[{"embeddable":true,"href":"https:\/\/praderajewels.com\/en\/wp-json\/wp\/v2\/media\/75"}],"wp:attachment":[{"href":"https:\/\/praderajewels.com\/en\/wp-json\/wp\/v2\/media?parent=73"}],"curies":[{"name":"wp","href":"https:\/\/api.w.org\/{rel}","templated":true}]}}